{"id":36,"date":"2016-09-28T13:50:31","date_gmt":"2016-09-28T11:50:31","guid":{"rendered":"http:\/\/wp.banik-cosmetics.de\/?page_id=36"},"modified":"2024-12-15T20:54:22","modified_gmt":"2024-12-15T19:54:22","slug":"impressum","status":"publish","type":"page","link":"https:\/\/www.banik-cosmetics.de\/index.php\/impressum\/","title":{"rendered":"Impressum"},"content":{"rendered":"<p>Verantwortlich f\u00fcr die Inhalte der im Rahmen der Banik-Cosmetics.de betriebenen Seiten ist Ursula Banik.<\/p>\n<p>Ursula Banik-Hansen<br \/>\nBender Stra\u00dfe 36<br \/>\n41065 M\u00f6nchengladbach<br \/>\nTelefon: 02161\/ 69 79 565<br \/>\nMobil: 01573\/ 2 46 02 89<br \/>\nE-mail: <a href=\"mailto:info@banik-cosmetics.de\">info@banik-cosmetics.de<br \/>\n<\/a>USTID: DE 242 14 16 92<\/p>\n<p><span class=\"Stil3\">Markenrechtliche Hinweise:<\/span><br \/>\nDiese Website enth\u00e4lt Hinweise auf Produkt- und Firmennamen anderer Firmen. Die verwendeten Begriffe sind Warenzeichen und\/oder eingetragene Warenzeichen der entsprechenden Firmen.<\/p>\n<p><span class=\"Stil3\">Copyright:<br \/>\n<\/span><span class=\"Stil5\">Die Copyrights f\u00fcr das Design der Seite liegen bei <a href=\"mailto:info@dennisbaur.de\">Dennis Baur<\/a>. Ohne die Einwilligung des Autors darf weder die Seite noch Teile der Seite kopiert werden. <\/span><\/p>\n<p>Bilder:<br \/>\nEin Gro\u00dfteil der verwendeten Bilder auf der Homepage sind von <a href=\"https:\/\/pixabay.com\">https:\/\/pixabay.com<\/a>.<\/p>\n<p><span class=\"Stil3\">Haftung f\u00fcr links:<\/span><br \/>\nMit Urteil vom 12. Mai 1998 &#8211; 312 O 85\/98 &#8211; &#8222;Haftung f\u00fcr Links&#8220; hat das Landgericht Hamburg entschieden, dass man durch die Ausbringung eines Links die Inhalte der gelinkten Seite ggf. mitzuverantworten hat. Dies kann &#8211; so das LG &#8211; nur dadurch verhindert werden, dass man sich ausdr\u00fccklich von diesen Inhalten distanziert. Wir distanzieren uns hiermit ausdr\u00fccklich von allen Inhalten aller gelinkten Seiten auf unserer Website, die nicht im Rahmen der banik-cosmetics.de Domain betrieben werden und machen uns ihre Inhalte nicht zueigen.<\/p>\n<p><span class=\"Stil3\">Datenschutz:<\/span><br \/>\nBanik Cosmetics beachtet die datenschutzrechtlichen Bestimmungen des Bundesdatenschutzgesetzes, des Mediendienste-Staatsvertrages sowie des Teledienstedatenschutzgesetzes. Soweit Sie personenbezogene Daten eingeben, richten sich diese nur an Banik-Cosmetics. Banik-Cosmetics wird diese ohne Ihre Einwilligung nicht an Dritte weitergeben, es sei denn, es handelt sich um anonymisierte Nutzungsdaten zu Zwecken der Marktforschung oder um Abrechnungsdaten, die zum Zwecke der Einziehung einer Forderung erforderlich sind. Personenbezogene Nutzungsdaten werden fr\u00fchestm\u00f6glich gel\u00f6scht, Abrechnungsdaten, sobald sie f\u00fcr Zwecke der Abrechnung nicht mehr erforderlich sind.<\/p>\n","protected":false},"excerpt":{"rendered":"<p>Verantwortlich f\u00fcr die Inhalte der im Rahmen der Banik-Cosmetics.de betriebenen Seiten ist Ursula Banik. Ursula Banik-Hansen Bender Stra\u00dfe 36 41065 M\u00f6nchengladbach Telefon: 02161\/ 69 79 565 Mobil: 01573\/ 2 46 02 89 E-mail: info@banik-cosmetics.de USTID: DE 242 14 16 92&#8230;<\/p>\n","protected":false},"author":1,"featured_media":0,"parent":0,"menu_order":0,"comment_status":"closed","ping_status":"closed","template":"","meta":{"ngg_post_thumbnail":0,"footnotes":""},"class_list":["post-36","page","type-page","status-publish","hentry"],"_links":{"self":[{"href":"https:\/\/www.banik-cosmetics.de\/index.php\/wp-json\/wp\/v2\/pages\/36","targetHints":{"allow":["GET"]}}],"collection":[{"href":"https:\/\/www.banik-cosmetics.de\/index.php\/wp-json\/wp\/v2\/pages"}],"about":[{"href":"https:\/\/www.banik-cosmetics.de\/index.php\/wp-json\/wp\/v2\/types\/page"}],"author":[{"embeddable":true,"href":"https:\/\/www.banik-cosmetics.de\/index.php\/wp-json\/wp\/v2\/users\/1"}],"replies":[{"embeddable":true,"href":"https:\/\/www.banik-cosmetics.de\/index.php\/wp-json\/wp\/v2\/comments?post=36"}],"version-history":[{"count":7,"href":"https:\/\/www.banik-cosmetics.de\/index.php\/wp-json\/wp\/v2\/pages\/36\/revisions"}],"predecessor-version":[{"id":352,"href":"https:\/\/www.banik-cosmetics.de\/index.php\/wp-json\/wp\/v2\/pages\/36\/revisions\/352"}],"wp:attachment":[{"href":"https:\/\/www.banik-cosmetics.de\/index.php\/wp-json\/wp\/v2\/media?parent=36"}],"curies":[{"name":"wp","href":"https:\/\/api.w.org\/{rel}","templated":true}]}}