{"id":25,"date":"2016-09-28T13:50:31","date_gmt":"2016-09-28T11:50:31","guid":{"rendered":"http:\/\/wp.banik-cosmetics.de\/?page_id=25"},"modified":"2026-01-26T15:56:52","modified_gmt":"2026-01-26T14:56:52","slug":"behandlungen","status":"publish","type":"page","link":"https:\/\/www.banik-cosmetics.de\/index.php\/behandlungen\/","title":{"rendered":"Behandlungen"},"content":{"rendered":"<p><strong>Vollbehandlung inkl. Ampulle:<\/strong><br \/>\n&#8211; Reinigung, Hautdiagnose, Peeling, Tiefenreinigung, Augenbrauenkorrektur, Massage f\u00fcr Gesicht, Hals und Dekollet\u00e9, pflegende Packung, Abschlusspflege<br \/>\n66,90\u20ac<\/p>\n<p><strong>Teilbehandlung \/ Aknebehandlung:<\/strong><br \/>\n&#8211; Schwerpunkt Reinigung, ohne Massage<br \/>\n56,90\u20ac<\/p>\n<p><strong>Behandlungen f\u00fcr den Mann:<\/strong><br \/>\n66,90\u20ac<\/p>\n<p><strong>Reinigende R\u00fcckenbehandlung:<\/strong><br \/>\n&#8211; Schwerpunkt Reinigung, ohne Massage<br \/>\n49,90\u20ac<\/p>\n<p><strong>Spezial Augenbehandlung:<\/strong><br \/>\n&#8211; mit Ampulle und Collagenvlies<br \/>\n23,90\u20ac<\/p>\n<p><strong> Brust- und Dekollet\u00e9-Behandlung:<\/strong><br \/>\n45,90\u20ac<\/p>\n<p><strong>Spezialbehandlungen:<\/strong><br \/>\n&#8211; A<strong><img loading=\"lazy\" decoding=\"async\" class=\"wp-image-79 size-thumbnail alignright\" src=\"\/wp-content\/uploads\/2016\/09\/toner-906142_1920-150x150.jpg\" alt=\"toner-906142_1920\" width=\"150\" height=\"150\" \/><\/strong>ctive Peel Behandlung<br \/>\n74,90\u20ac<\/p>\n<p>&#8211; Collagen-Vlies-Maske \/ Feuchtigkeits- \/ Couperose<br \/>\nje 79,90\u20ac<\/p>\n<p>&#8211; Phyto-Sensation-Behandlung inkl. Pinselmassage<\/p>\n<p>95,90\u20ac<\/p>\n<p>&#8211; Physio-Marine-Kalt-Modelage<br \/>\n95,90\u20ac<\/p>\n<p>&#8211; Micro Needling Behandlung<br \/>\n119,90\u20ac<\/p>\n<p><strong><img loading=\"lazy\" decoding=\"async\" class=\"alignleft size-thumbnail wp-image-80\" src=\"\/wp-content\/uploads\/2016\/09\/wellness-285587_1920-150x150.jpg\" alt=\"wellness-285587_1920\" width=\"150\" height=\"150\" \/>K\u00f6rperbehandlungen:<\/strong><br \/>\n&#8211; Wellnessmassage &#8222;Inspiration&#8220; von Kopf bis Fu\u00df<br \/>\n79,90\u20ac<\/p>\n<p>&#8211; Hot Stone Massage<br \/>\n79,90\u20ac<\/p>\n<p>&#8211; Kr\u00e4uterstempelmassage<br \/>\n79,90\u20ac<\/p>\n<p>&#8211; Cellulite-Kontur-Behandlung<br \/>\n79,90\u20ac<\/p>\n<p>&#8211; Klangschalen-Massage<br \/>\n59,90\u20ac<\/p>\n<p>&#8211; Ohrkerzenbehandlung<br \/>\n39,90\u20ac<\/p>\n<p><strong>Massagen:<\/strong><\/p>\n<p>&#8211; Entpannungsmassage f\u00fcr den R\u00fccken<br \/>\n32,90\u20ac<\/p>\n<p>&#8211; Massage f\u00fcr Gesicht, Hals und Dekollet\u00e9<br \/>\n23,90\u20ac<\/p>\n<p>&#8211; Hand- oder Fu\u00dfmassage<img loading=\"lazy\" decoding=\"async\" class=\"alignright size-thumbnail wp-image-81\" src=\"\/wp-content\/uploads\/2016\/09\/treatment-1327811_1920-150x150.jpg\" alt=\"treatment-1327811_1920\" width=\"150\" height=\"150\" \/><br \/>\nje 12,90\u20ac<\/p>\n<p>Rund ums Auge<br \/>\n&#8211; Augenbrauenkorrektur<br \/>\n9,90\u20ac<\/p>\n<p>&#8211; F\u00e4rben von Augenbrauen<br \/>\n9,90\u20ac<\/p>\n<p>&#8211; F\u00e4rben von Wimpern<br \/>\n11,90\u20ac<\/p>\n<p>&#8211; Wimpernwelle<br \/>\n36,90\u20ac<\/p>\n<p><strong><img loading=\"lazy\" decoding=\"async\" class=\"alignleft size-thumbnail wp-image-82\" src=\"\/wp-content\/uploads\/2016\/09\/nails-1271507_1920-150x150.jpg\" alt=\"nails-1271507_1920\" width=\"150\" height=\"150\" \/>Alles f\u00fcr die H\u00e4nde:<\/strong><br \/>\n&#8211; Manik\u00fcre ohne Lack<br \/>\n24,90\u20ac<\/p>\n<p>&#8211; Manik\u00fcre mit Lack<br \/>\n32,90\u20ac<\/p>\n<p>&#8211; Handpflege (Peeling, Massage und pflegende Handcreme)<br \/>\n19,90\u20ac<\/p>\n<p>&#8211; Paraffinanwendung f\u00fcr H\u00e4nde mit Spezialwirkstoffen innerh. einer Behandl.<br \/>\n19,90\u20ac<\/p>\n<p>&#8211; Paraffinanwendung f\u00fcr H\u00e4nde mit Spezialwirkstoffen als Einzelbehandl.<br \/>\n28,90\u20ac<\/p>\n<p><strong>Haarentfernung mit Hei\u00dfwachs:<img loading=\"lazy\" decoding=\"async\" class=\"alignright wp-image-119 size-thumbnail\" src=\"\/wp-content\/uploads\/2016\/09\/8208-e1475224845509-150x150.jpg\" alt=\"8208\" width=\"150\" height=\"150\" \/><\/strong><\/p>\n<p>&#8211; Oberlippe<br \/>\n12,90\u20ac<\/p>\n<p>&#8211; Kinn<br \/>\nab 12,90\u20ac<\/p>\n<p>&#8211; Bikinizone<br \/>\nab 19,90\u20ac<\/p>\n<p>&#8211; Achseln<br \/>\n19,90\u20ac<\/p>\n<p>&#8211; Brustbereich<br \/>\nab 36,90\u20ac<\/p>\n<p>&#8211; R\u00fcckenbereich<br \/>\n<span style=\"font-size: revert; color: initial;\">ab 43,90\u20ac\u00a0 \u00a0 \u00a0 \u00a0 \u00a0 \u00a0\u00a0<\/span><\/p>\n<p>&#8211; Unterschenkel<br \/>\n36,90\u20ac<\/p>\n<p>&#8211; Beine komplett<br \/>\n54,90\u20ac<\/p>\n<p><strong> Haarentfernung mit HALAWA:<\/strong><\/p>\n<p>&#8211; Intimzone (nur f\u00fcr Frauen)<br \/>\nab 43,90\u20ac<\/p>\n<p>Spezial Make-up oder Braut Make-up inkl. Probeschminken u. Beratung<br \/>\n89,90\u20ac<\/p>\n<p>Tages Make-up<br \/>\n29,90\u20ac<\/p>\n<p><strong> <img loading=\"lazy\" decoding=\"async\" class=\"alignleft size-thumbnail wp-image-114\" src=\"\/wp-content\/uploads\/2016\/09\/8170-150x150.jpg\" alt=\"8170\" width=\"150\" height=\"150\" \/>Gutes f\u00fcr die F\u00fc\u00dfe:<\/strong><\/p>\n<p>&#8211; Fu\u00dfpflege med. im Studio inkl. Fu\u00dfbad ohne Lack<br \/>\n31,90\u20ac<\/p>\n<p>&#8211; mit Lack (zuzgl. 7,90 Euro)<\/p>\n<p>Wellness-Fu\u00dfbehandlung mit Peeling, Massage, Pack.\/Maske u. Creme<br \/>\n19,90\u20ac<\/p>\n<p>French-Gel od. Shellac f\u00fcr die F\u00fc\u00dfe<br \/>\n28,90\u20ac<\/p>\n<p><a href=\"mailto:info@banik-cosmetics.de\"><strong>Vereinbaren Sie jetzt einen Termin!<\/strong><\/a><\/p>\n<p>Alle Preise in Euro und inkl. der gesetzl. MwSt. von 19%<\/p>\n<p>Wir behalten uns Preis\u00e4nderungen und eventuelle Druckfehler vor!<\/p>\n","protected":false},"excerpt":{"rendered":"<p>Vollbehandlung inkl. Ampulle: &#8211; Reinigung, Hautdiagnose, Peeling, Tiefenreinigung, Augenbrauenkorrektur, Massage f\u00fcr Gesicht, Hals und Dekollet\u00e9, pflegende Packung, Abschlusspflege 66,90\u20ac Teilbehandlung \/ Aknebehandlung: &#8211; Schwerpunkt Reinigung, ohne Massage 56,90\u20ac Behandlungen f\u00fcr den Mann: 66,90\u20ac Reinigende R\u00fcckenbehandlung: &#8211; Schwerpunkt Reinigung, ohne Massage&#8230;<\/p>\n","protected":false},"author":1,"featured_media":7,"parent":0,"menu_order":0,"comment_status":"closed","ping_status":"closed","template":"","meta":{"ngg_post_thumbnail":0,"footnotes":""},"class_list":["post-25","page","type-page","status-publish","has-post-thumbnail","hentry"],"_links":{"self":[{"href":"https:\/\/www.banik-cosmetics.de\/index.php\/wp-json\/wp\/v2\/pages\/25","targetHints":{"allow":["GET"]}}],"collection":[{"href":"https:\/\/www.banik-cosmetics.de\/index.php\/wp-json\/wp\/v2\/pages"}],"about":[{"href":"https:\/\/www.banik-cosmetics.de\/index.php\/wp-json\/wp\/v2\/types\/page"}],"author":[{"embeddable":true,"href":"https:\/\/www.banik-cosmetics.de\/index.php\/wp-json\/wp\/v2\/users\/1"}],"replies":[{"embeddable":true,"href":"https:\/\/www.banik-cosmetics.de\/index.php\/wp-json\/wp\/v2\/comments?post=25"}],"version-history":[{"count":16,"href":"https:\/\/www.banik-cosmetics.de\/index.php\/wp-json\/wp\/v2\/pages\/25\/revisions"}],"predecessor-version":[{"id":357,"href":"https:\/\/www.banik-cosmetics.de\/index.php\/wp-json\/wp\/v2\/pages\/25\/revisions\/357"}],"wp:featuredmedia":[{"embeddable":true,"href":"https:\/\/www.banik-cosmetics.de\/index.php\/wp-json\/wp\/v2\/media\/7"}],"wp:attachment":[{"href":"https:\/\/www.banik-cosmetics.de\/index.php\/wp-json\/wp\/v2\/media?parent=25"}],"curies":[{"name":"wp","href":"https:\/\/api.w.org\/{rel}","templated":true}]}}